

{"id":3189,"date":"2013-11-28T17:23:34","date_gmt":"2013-11-28T15:23:34","guid":{"rendered":"http:\/\/www.clerc-detolle-thiebaut.com\/architectes\/?page_id=3189"},"modified":"2013-11-28T18:54:24","modified_gmt":"2013-11-28T16:54:24","slug":"les","status":"publish","type":"page","link":"https:\/\/www.clerc-detolle-thiebaut.com\/architectes\/les","title":{"rendered":"Les +"},"content":{"rendered":"<p>. L\u2019exp\u00e9rience dans des domaines d\u2019activit\u00e9s cibl\u00e9s<\/p>\n<p>. L\u2019adaptabilit\u00e9 et la r\u00e9activit\u00e9<\/p>\n<p>. La capacit\u00e9 de synth\u00e8se et de recherche de strat\u00e9gies adapt\u00e9es<\/p>\n<p>. Le souci d\u2019une communication optimis\u00e9e entre les diff\u00e9rents intervenants<\/p>\n<p>. Les d\u00e9marches environnementales et solutions \u00e9nerg\u00e9tiques p\u00e9rennes<\/p>\n<p>. La pr\u00e9sence et l\u2019engagement sur le chantier<\/p>\n<p>. La coordination avec des partenaires qualifi\u00e9s et fid\u00e9lis\u00e9s (BE, \u00e9conomistes, OPC)<\/p>\n<p>. Le respect des co\u00fbts et du planning adapt\u00e9s aux besoins et contraintes du ma\u00eetre d\u2019ouvrage<\/p>\n<p><b>\u00a0<\/b><\/p>\n","protected":false},"excerpt":{"rendered":"<p>. L\u2019exp\u00e9rience dans des domaines d\u2019activit\u00e9s cibl\u00e9s . L\u2019adaptabilit\u00e9 et la r\u00e9activit\u00e9 . La capacit\u00e9 de synth\u00e8se et de recherche de strat\u00e9gies adapt\u00e9es . Le souci d\u2019une communication optimis\u00e9e entre les diff\u00e9rents intervenants . Les d\u00e9marches environnementales et solutions \u00e9nerg\u00e9tiques p\u00e9rennes . La pr\u00e9sence et l\u2019engagement sur le chantier . La coordination avec des partenaires [&hellip;]<\/p>\n","protected":false},"author":2,"featured_media":0,"parent":0,"menu_order":0,"comment_status":"closed","ping_status":"open","template":"page-presentation.php","meta":[],"yoast_head":"<!-- This site is optimized with the Yoast SEO plugin v19.8 - https:\/\/yoast.com\/wordpress\/plugins\/seo\/ -->\n<title>Les +  - Clerc_D\u00e9tolle_Thi\u00e9baut sarl d&#039;ARCHITECTURE<\/title>\n<meta name=\"robots\" content=\"index, follow, max-snippet:-1, max-image-preview:large, max-video-preview:-1\" \/>\n<link rel=\"canonical\" href=\"https:\/\/www.clerc-detolle-thiebaut.com\/architectes\/les\" \/>\n<meta property=\"og:locale\" content=\"fr_FR\" \/>\n<meta property=\"og:type\" content=\"article\" \/>\n<meta property=\"og:title\" content=\"Les +  - Clerc_D\u00e9tolle_Thi\u00e9baut sarl d&#039;ARCHITECTURE\" \/>\n<meta property=\"og:description\" content=\". L\u2019exp\u00e9rience dans des domaines d\u2019activit\u00e9s cibl\u00e9s . L\u2019adaptabilit\u00e9 et la r\u00e9activit\u00e9 . La capacit\u00e9 de synth\u00e8se et de recherche de strat\u00e9gies adapt\u00e9es . Le souci d\u2019une communication optimis\u00e9e entre les diff\u00e9rents intervenants . Les d\u00e9marches environnementales et solutions \u00e9nerg\u00e9tiques p\u00e9rennes . La pr\u00e9sence et l\u2019engagement sur le chantier . La coordination avec des partenaires [&hellip;]\" \/>\n<meta property=\"og:url\" content=\"https:\/\/www.clerc-detolle-thiebaut.com\/architectes\/les\" \/>\n<meta property=\"og:site_name\" content=\"Clerc_D\u00e9tolle_Thi\u00e9baut sarl d&#039;ARCHITECTURE\" \/>\n<meta property=\"article:modified_time\" content=\"2013-11-28T16:54:24+00:00\" \/>\n<meta name=\"twitter:card\" content=\"summary_large_image\" \/>\n<script type=\"application\/ld+json\" class=\"yoast-schema-graph\">{\"@context\":\"https:\/\/schema.org\",\"@graph\":[{\"@type\":\"WebPage\",\"@id\":\"https:\/\/www.clerc-detolle-thiebaut.com\/architectes\/les\",\"url\":\"https:\/\/www.clerc-detolle-thiebaut.com\/architectes\/les\",\"name\":\"Les + - Clerc_D\u00e9tolle_Thi\u00e9baut sarl d&#039;ARCHITECTURE\",\"isPartOf\":{\"@id\":\"https:\/\/www.clerc-detolle-thiebaut.com\/architectes\/#website\"},\"datePublished\":\"2013-11-28T15:23:34+00:00\",\"dateModified\":\"2013-11-28T16:54:24+00:00\",\"breadcrumb\":{\"@id\":\"https:\/\/www.clerc-detolle-thiebaut.com\/architectes\/les#breadcrumb\"},\"inLanguage\":\"fr-FR\",\"potentialAction\":[{\"@type\":\"ReadAction\",\"target\":[\"https:\/\/www.clerc-detolle-thiebaut.com\/architectes\/les\"]}]},{\"@type\":\"BreadcrumbList\",\"@id\":\"https:\/\/www.clerc-detolle-thiebaut.com\/architectes\/les#breadcrumb\",\"itemListElement\":[{\"@type\":\"ListItem\",\"position\":1,\"name\":\"Accueil\",\"item\":\"https:\/\/www.clerc-detolle-thiebaut.com\/architectes\/\"},{\"@type\":\"ListItem\",\"position\":2,\"name\":\"Les +\"}]},{\"@type\":\"WebSite\",\"@id\":\"https:\/\/www.clerc-detolle-thiebaut.com\/architectes\/#website\",\"url\":\"https:\/\/www.clerc-detolle-thiebaut.com\/architectes\/\",\"name\":\"Clerc_D\u00e9tolle_Thi\u00e9baut sarl d&#039;ARCHITECTURE\",\"description\":\"Architectes Strasbourg\",\"potentialAction\":[{\"@type\":\"SearchAction\",\"target\":{\"@type\":\"EntryPoint\",\"urlTemplate\":\"https:\/\/www.clerc-detolle-thiebaut.com\/architectes\/?s={search_term_string}\"},\"query-input\":\"required name=search_term_string\"}],\"inLanguage\":\"fr-FR\"}]}<\/script>\n<!-- \/ Yoast SEO plugin. -->","yoast_head_json":{"title":"Les +  - Clerc_D\u00e9tolle_Thi\u00e9baut sarl d&#039;ARCHITECTURE","robots":{"index":"index","follow":"follow","max-snippet":"max-snippet:-1","max-image-preview":"max-image-preview:large","max-video-preview":"max-video-preview:-1"},"canonical":"https:\/\/www.clerc-detolle-thiebaut.com\/architectes\/les","og_locale":"fr_FR","og_type":"article","og_title":"Les +  - Clerc_D\u00e9tolle_Thi\u00e9baut sarl d&#039;ARCHITECTURE","og_description":". L\u2019exp\u00e9rience dans des domaines d\u2019activit\u00e9s cibl\u00e9s . L\u2019adaptabilit\u00e9 et la r\u00e9activit\u00e9 . La capacit\u00e9 de synth\u00e8se et de recherche de strat\u00e9gies adapt\u00e9es . Le souci d\u2019une communication optimis\u00e9e entre les diff\u00e9rents intervenants . Les d\u00e9marches environnementales et solutions \u00e9nerg\u00e9tiques p\u00e9rennes . La pr\u00e9sence et l\u2019engagement sur le chantier . La coordination avec des partenaires [&hellip;]","og_url":"https:\/\/www.clerc-detolle-thiebaut.com\/architectes\/les","og_site_name":"Clerc_D\u00e9tolle_Thi\u00e9baut sarl d&#039;ARCHITECTURE","article_modified_time":"2013-11-28T16:54:24+00:00","twitter_card":"summary_large_image","schema":{"@context":"https:\/\/schema.org","@graph":[{"@type":"WebPage","@id":"https:\/\/www.clerc-detolle-thiebaut.com\/architectes\/les","url":"https:\/\/www.clerc-detolle-thiebaut.com\/architectes\/les","name":"Les + - Clerc_D\u00e9tolle_Thi\u00e9baut sarl d&#039;ARCHITECTURE","isPartOf":{"@id":"https:\/\/www.clerc-detolle-thiebaut.com\/architectes\/#website"},"datePublished":"2013-11-28T15:23:34+00:00","dateModified":"2013-11-28T16:54:24+00:00","breadcrumb":{"@id":"https:\/\/www.clerc-detolle-thiebaut.com\/architectes\/les#breadcrumb"},"inLanguage":"fr-FR","potentialAction":[{"@type":"ReadAction","target":["https:\/\/www.clerc-detolle-thiebaut.com\/architectes\/les"]}]},{"@type":"BreadcrumbList","@id":"https:\/\/www.clerc-detolle-thiebaut.com\/architectes\/les#breadcrumb","itemListElement":[{"@type":"ListItem","position":1,"name":"Accueil","item":"https:\/\/www.clerc-detolle-thiebaut.com\/architectes\/"},{"@type":"ListItem","position":2,"name":"Les +"}]},{"@type":"WebSite","@id":"https:\/\/www.clerc-detolle-thiebaut.com\/architectes\/#website","url":"https:\/\/www.clerc-detolle-thiebaut.com\/architectes\/","name":"Clerc_D\u00e9tolle_Thi\u00e9baut sarl d&#039;ARCHITECTURE","description":"Architectes Strasbourg","potentialAction":[{"@type":"SearchAction","target":{"@type":"EntryPoint","urlTemplate":"https:\/\/www.clerc-detolle-thiebaut.com\/architectes\/?s={search_term_string}"},"query-input":"required name=search_term_string"}],"inLanguage":"fr-FR"}]}},"_links":{"self":[{"href":"https:\/\/www.clerc-detolle-thiebaut.com\/architectes\/wp-json\/wp\/v2\/pages\/3189"}],"collection":[{"href":"https:\/\/www.clerc-detolle-thiebaut.com\/architectes\/wp-json\/wp\/v2\/pages"}],"about":[{"href":"https:\/\/www.clerc-detolle-thiebaut.com\/architectes\/wp-json\/wp\/v2\/types\/page"}],"author":[{"embeddable":true,"href":"https:\/\/www.clerc-detolle-thiebaut.com\/architectes\/wp-json\/wp\/v2\/users\/2"}],"replies":[{"embeddable":true,"href":"https:\/\/www.clerc-detolle-thiebaut.com\/architectes\/wp-json\/wp\/v2\/comments?post=3189"}],"version-history":[{"count":8,"href":"https:\/\/www.clerc-detolle-thiebaut.com\/architectes\/wp-json\/wp\/v2\/pages\/3189\/revisions"}],"predecessor-version":[{"id":3208,"href":"https:\/\/www.clerc-detolle-thiebaut.com\/architectes\/wp-json\/wp\/v2\/pages\/3189\/revisions\/3208"}],"wp:attachment":[{"href":"https:\/\/www.clerc-detolle-thiebaut.com\/architectes\/wp-json\/wp\/v2\/media?parent=3189"}],"curies":[{"name":"wp","href":"https:\/\/api.w.org\/{rel}","templated":true}]}}