

{"id":3175,"date":"2013-11-28T17:22:32","date_gmt":"2013-11-28T15:22:32","guid":{"rendered":"http:\/\/www.clerc-detolle-thiebaut.com\/architectes\/?page_id=3175"},"modified":"2013-11-28T18:51:22","modified_gmt":"2013-11-28T16:51:22","slug":"domaines-dactivites","status":"publish","type":"page","link":"https:\/\/www.clerc-detolle-thiebaut.com\/architectes\/domaines-dactivites","title":{"rendered":"Domaines d&rsquo;activit\u00e9s"},"content":{"rendered":"<p style=\"text-align: justify;\">. B\u00e2timents administratifs et scolaires<\/p>\n<p style=\"text-align: justify;\">. Etablissements de sant\u00e9<\/p>\n<p style=\"text-align: justify;\">. Restaurants et tertiaires<\/p>\n<p style=\"text-align: justify;\">. R\u00e9novations \u00e9nerg\u00e9tiques<\/p>\n<p style=\"text-align: justify;\">. Habitation collective et immeubles de rapports<\/p>\n<p style=\"text-align: justify;\">. Projets priv\u00e9s d\u2019habitation<\/p>\n<p style=\"text-align: justify;\">. B\u00e2timents industriels et \u00e9conomie viticole<\/p>\n<p style=\"text-align: justify;\">. Design d\u2019espace, mobiliers<\/p>\n<p style=\"text-align: justify;\">L\u2019ensemble de ces secteurs d\u2019activit\u00e9s correspondent \u00e0 nos exp\u00e9riences en tant que ma\u00eetre d\u2019\u0153uvre.\u00a0Ils illustrent notre capacit\u00e9 \u00e0 nous adapter \u00e0 diff\u00e9rentes \u00e9chelles de projets, \u00e0 diff\u00e9rents programmes.\u00a0Notre capacit\u00e9 s\u2019\u00e9tend au suivi du projet d\u2019ex\u00e9cution et au d\u00e9roulement du chantier\u00a0: nos objectifs entrent dans le respect des co\u00fbts d\u2019ex\u00e9cution et des d\u00e9lais de r\u00e9alisation.\u00a0Notre champ d\u2019action d\u00e9marre aux \u00e9tudes jusqu\u2019\u00e0 la r\u00e9ception du chantier, tout en sachant s\u2019adapter aux besoins et aux contraintes du ma\u00eetre d\u2019ouvrage.<\/p>\n<p style=\"text-align: justify;\">\n","protected":false},"excerpt":{"rendered":"<p>. B\u00e2timents administratifs et scolaires . Etablissements de sant\u00e9 . Restaurants et tertiaires . R\u00e9novations \u00e9nerg\u00e9tiques . Habitation collective et immeubles de rapports . Projets priv\u00e9s d\u2019habitation . B\u00e2timents industriels et \u00e9conomie viticole . Design d\u2019espace, mobiliers L\u2019ensemble de ces secteurs d\u2019activit\u00e9s correspondent \u00e0 nos exp\u00e9riences en tant que ma\u00eetre d\u2019\u0153uvre.\u00a0Ils illustrent notre capacit\u00e9 \u00e0 [&hellip;]<\/p>\n","protected":false},"author":2,"featured_media":0,"parent":0,"menu_order":0,"comment_status":"closed","ping_status":"open","template":"page-presentation.php","meta":[],"yoast_head":"<!-- This site is optimized with the Yoast SEO plugin v19.8 - https:\/\/yoast.com\/wordpress\/plugins\/seo\/ -->\n<title>Domaines d&#039;activit\u00e9s - Clerc_D\u00e9tolle_Thi\u00e9baut sarl d&#039;ARCHITECTURE<\/title>\n<meta name=\"robots\" content=\"index, follow, max-snippet:-1, max-image-preview:large, max-video-preview:-1\" \/>\n<link rel=\"canonical\" href=\"https:\/\/www.clerc-detolle-thiebaut.com\/architectes\/domaines-dactivites\" \/>\n<meta property=\"og:locale\" content=\"fr_FR\" \/>\n<meta property=\"og:type\" content=\"article\" \/>\n<meta property=\"og:title\" content=\"Domaines d&#039;activit\u00e9s - Clerc_D\u00e9tolle_Thi\u00e9baut sarl d&#039;ARCHITECTURE\" \/>\n<meta property=\"og:description\" content=\". B\u00e2timents administratifs et scolaires . Etablissements de sant\u00e9 . Restaurants et tertiaires . R\u00e9novations \u00e9nerg\u00e9tiques . Habitation collective et immeubles de rapports . Projets priv\u00e9s d\u2019habitation . B\u00e2timents industriels et \u00e9conomie viticole . Design d\u2019espace, mobiliers L\u2019ensemble de ces secteurs d\u2019activit\u00e9s correspondent \u00e0 nos exp\u00e9riences en tant que ma\u00eetre d\u2019\u0153uvre.\u00a0Ils illustrent notre capacit\u00e9 \u00e0 [&hellip;]\" \/>\n<meta property=\"og:url\" content=\"https:\/\/www.clerc-detolle-thiebaut.com\/architectes\/domaines-dactivites\" \/>\n<meta property=\"og:site_name\" content=\"Clerc_D\u00e9tolle_Thi\u00e9baut sarl d&#039;ARCHITECTURE\" \/>\n<meta property=\"article:modified_time\" content=\"2013-11-28T16:51:22+00:00\" \/>\n<meta name=\"twitter:card\" content=\"summary_large_image\" \/>\n<meta name=\"twitter:label1\" content=\"Dur\u00e9e de lecture estim\u00e9e\" \/>\n\t<meta name=\"twitter:data1\" content=\"1 minute\" \/>\n<script type=\"application\/ld+json\" class=\"yoast-schema-graph\">{\"@context\":\"https:\/\/schema.org\",\"@graph\":[{\"@type\":\"WebPage\",\"@id\":\"https:\/\/www.clerc-detolle-thiebaut.com\/architectes\/domaines-dactivites\",\"url\":\"https:\/\/www.clerc-detolle-thiebaut.com\/architectes\/domaines-dactivites\",\"name\":\"Domaines d'activit\u00e9s - Clerc_D\u00e9tolle_Thi\u00e9baut sarl d&#039;ARCHITECTURE\",\"isPartOf\":{\"@id\":\"https:\/\/www.clerc-detolle-thiebaut.com\/architectes\/#website\"},\"datePublished\":\"2013-11-28T15:22:32+00:00\",\"dateModified\":\"2013-11-28T16:51:22+00:00\",\"breadcrumb\":{\"@id\":\"https:\/\/www.clerc-detolle-thiebaut.com\/architectes\/domaines-dactivites#breadcrumb\"},\"inLanguage\":\"fr-FR\",\"potentialAction\":[{\"@type\":\"ReadAction\",\"target\":[\"https:\/\/www.clerc-detolle-thiebaut.com\/architectes\/domaines-dactivites\"]}]},{\"@type\":\"BreadcrumbList\",\"@id\":\"https:\/\/www.clerc-detolle-thiebaut.com\/architectes\/domaines-dactivites#breadcrumb\",\"itemListElement\":[{\"@type\":\"ListItem\",\"position\":1,\"name\":\"Accueil\",\"item\":\"https:\/\/www.clerc-detolle-thiebaut.com\/architectes\/\"},{\"@type\":\"ListItem\",\"position\":2,\"name\":\"Domaines d&rsquo;activit\u00e9s\"}]},{\"@type\":\"WebSite\",\"@id\":\"https:\/\/www.clerc-detolle-thiebaut.com\/architectes\/#website\",\"url\":\"https:\/\/www.clerc-detolle-thiebaut.com\/architectes\/\",\"name\":\"Clerc_D\u00e9tolle_Thi\u00e9baut sarl d&#039;ARCHITECTURE\",\"description\":\"Architectes Strasbourg\",\"potentialAction\":[{\"@type\":\"SearchAction\",\"target\":{\"@type\":\"EntryPoint\",\"urlTemplate\":\"https:\/\/www.clerc-detolle-thiebaut.com\/architectes\/?s={search_term_string}\"},\"query-input\":\"required name=search_term_string\"}],\"inLanguage\":\"fr-FR\"}]}<\/script>\n<!-- \/ Yoast SEO plugin. -->","yoast_head_json":{"title":"Domaines d'activit\u00e9s - Clerc_D\u00e9tolle_Thi\u00e9baut sarl d&#039;ARCHITECTURE","robots":{"index":"index","follow":"follow","max-snippet":"max-snippet:-1","max-image-preview":"max-image-preview:large","max-video-preview":"max-video-preview:-1"},"canonical":"https:\/\/www.clerc-detolle-thiebaut.com\/architectes\/domaines-dactivites","og_locale":"fr_FR","og_type":"article","og_title":"Domaines d'activit\u00e9s - Clerc_D\u00e9tolle_Thi\u00e9baut sarl d&#039;ARCHITECTURE","og_description":". B\u00e2timents administratifs et scolaires . Etablissements de sant\u00e9 . Restaurants et tertiaires . R\u00e9novations \u00e9nerg\u00e9tiques . Habitation collective et immeubles de rapports . Projets priv\u00e9s d\u2019habitation . B\u00e2timents industriels et \u00e9conomie viticole . Design d\u2019espace, mobiliers L\u2019ensemble de ces secteurs d\u2019activit\u00e9s correspondent \u00e0 nos exp\u00e9riences en tant que ma\u00eetre d\u2019\u0153uvre.\u00a0Ils illustrent notre capacit\u00e9 \u00e0 [&hellip;]","og_url":"https:\/\/www.clerc-detolle-thiebaut.com\/architectes\/domaines-dactivites","og_site_name":"Clerc_D\u00e9tolle_Thi\u00e9baut sarl d&#039;ARCHITECTURE","article_modified_time":"2013-11-28T16:51:22+00:00","twitter_card":"summary_large_image","twitter_misc":{"Dur\u00e9e de lecture estim\u00e9e":"1 minute"},"schema":{"@context":"https:\/\/schema.org","@graph":[{"@type":"WebPage","@id":"https:\/\/www.clerc-detolle-thiebaut.com\/architectes\/domaines-dactivites","url":"https:\/\/www.clerc-detolle-thiebaut.com\/architectes\/domaines-dactivites","name":"Domaines d'activit\u00e9s - Clerc_D\u00e9tolle_Thi\u00e9baut sarl d&#039;ARCHITECTURE","isPartOf":{"@id":"https:\/\/www.clerc-detolle-thiebaut.com\/architectes\/#website"},"datePublished":"2013-11-28T15:22:32+00:00","dateModified":"2013-11-28T16:51:22+00:00","breadcrumb":{"@id":"https:\/\/www.clerc-detolle-thiebaut.com\/architectes\/domaines-dactivites#breadcrumb"},"inLanguage":"fr-FR","potentialAction":[{"@type":"ReadAction","target":["https:\/\/www.clerc-detolle-thiebaut.com\/architectes\/domaines-dactivites"]}]},{"@type":"BreadcrumbList","@id":"https:\/\/www.clerc-detolle-thiebaut.com\/architectes\/domaines-dactivites#breadcrumb","itemListElement":[{"@type":"ListItem","position":1,"name":"Accueil","item":"https:\/\/www.clerc-detolle-thiebaut.com\/architectes\/"},{"@type":"ListItem","position":2,"name":"Domaines d&rsquo;activit\u00e9s"}]},{"@type":"WebSite","@id":"https:\/\/www.clerc-detolle-thiebaut.com\/architectes\/#website","url":"https:\/\/www.clerc-detolle-thiebaut.com\/architectes\/","name":"Clerc_D\u00e9tolle_Thi\u00e9baut sarl d&#039;ARCHITECTURE","description":"Architectes Strasbourg","potentialAction":[{"@type":"SearchAction","target":{"@type":"EntryPoint","urlTemplate":"https:\/\/www.clerc-detolle-thiebaut.com\/architectes\/?s={search_term_string}"},"query-input":"required name=search_term_string"}],"inLanguage":"fr-FR"}]}},"_links":{"self":[{"href":"https:\/\/www.clerc-detolle-thiebaut.com\/architectes\/wp-json\/wp\/v2\/pages\/3175"}],"collection":[{"href":"https:\/\/www.clerc-detolle-thiebaut.com\/architectes\/wp-json\/wp\/v2\/pages"}],"about":[{"href":"https:\/\/www.clerc-detolle-thiebaut.com\/architectes\/wp-json\/wp\/v2\/types\/page"}],"author":[{"embeddable":true,"href":"https:\/\/www.clerc-detolle-thiebaut.com\/architectes\/wp-json\/wp\/v2\/users\/2"}],"replies":[{"embeddable":true,"href":"https:\/\/www.clerc-detolle-thiebaut.com\/architectes\/wp-json\/wp\/v2\/comments?post=3175"}],"version-history":[{"count":19,"href":"https:\/\/www.clerc-detolle-thiebaut.com\/architectes\/wp-json\/wp\/v2\/pages\/3175\/revisions"}],"predecessor-version":[{"id":3206,"href":"https:\/\/www.clerc-detolle-thiebaut.com\/architectes\/wp-json\/wp\/v2\/pages\/3175\/revisions\/3206"}],"wp:attachment":[{"href":"https:\/\/www.clerc-detolle-thiebaut.com\/architectes\/wp-json\/wp\/v2\/media?parent=3175"}],"curies":[{"name":"wp","href":"https:\/\/api.w.org\/{rel}","templated":true}]}}