

{"id":1517,"date":"2012-06-14T17:27:09","date_gmt":"2012-06-14T15:27:09","guid":{"rendered":"http:\/\/www.clerc-detolle-thiebaut.com\/architectes\/?page_id=1517"},"modified":"2017-01-25T16:48:08","modified_gmt":"2017-01-25T14:48:08","slug":"contact","status":"publish","type":"page","link":"https:\/\/www.clerc-detolle-thiebaut.com\/architectes\/contact","title":{"rendered":"Contact"},"content":{"rendered":"<p><strong style=\"text-align: justify;\"><a href=\"http:\/\/www.clerc-detolle-thiebaut.com\/architectes\/wp-content\/uploads\/2012\/06\/carte-site_20155.jpg\"><img loading=\"lazy\" class=\"alignleft size-full wp-image-4295\" src=\"http:\/\/www.clerc-detolle-thiebaut.com\/architectes\/wp-content\/uploads\/2012\/06\/carte-site_20155.jpg\" alt=\"carte site_20155\" width=\"646\" height=\"502\" srcset=\"https:\/\/www.clerc-detolle-thiebaut.com\/architectes\/wp-content\/uploads\/2012\/06\/carte-site_20155.jpg 646w, https:\/\/www.clerc-detolle-thiebaut.com\/architectes\/wp-content\/uploads\/2012\/06\/carte-site_20155-300x233.jpg 300w\" sizes=\"(max-width: 646px) 100vw, 646px\" \/><\/a><\/strong><\/p>\n<p><strong style=\"text-align: justify;\">Clerc . D\u00e9tolle . Thi\u00e9baut . <\/strong>Architectes<\/p>\n<p><b>Si\u00e8ge social Strasbourg _\u00a0<\/b>12, rue du G\u00e9n\u00e9ral Gouraud 67000 Strasbourg\u00a0<span style=\"text-align: justify;\">_<\/span><\/p>\n<p><span style=\"text-align: justify;\">Tel = 03 69 81 80 09\u00a0\u00a0\u00a0\u00a0 \/\/\/ \u00a0 \u00a0 mail = <\/span><span style=\"text-decoration: underline;\"><span style=\"color: #ff6600;\"><a href=\"mailto:contact@clerc-detolle-thiebaut.com\"><span style=\"color: #ff6600; text-decoration: underline;\">contact@clerc-detolle-thiebaut.com<\/span><\/a><\/span><\/span><\/p>\n<p><strong>Agence de Saint Di\u00e9 des Vosges<\/strong>\u00a0_ 500, chemin du Spitzemberg 88100 Nayemont les Fosses<br \/>\n<iframe loading=\"lazy\" style=\"border: 0;\" src=\"https:\/\/www.google.com\/maps\/embed?pb=!1m0!3m2!1sfr!2sfr!4v1485355720994!6m8!1m7!1sF%3A-akTKpUb9CVI%2FWIi31LZQ-iI%2FAAAAAAAAABo%2Fj_-Xj5tbho8jZDVmdl8HSdigOepDN2wDgCLIB!2m2!1d48.5876654!2d7.757036599999999!3f146.08966663969485!4f0!5f0.7820865974627469\" width=\"646\" height=\"389\" frameborder=\"0\" allowfullscreen=\"allowfullscreen\"><\/iframe><\/p>\n","protected":false},"excerpt":{"rendered":"<p>Clerc . D\u00e9tolle . Thi\u00e9baut . Architectes Si\u00e8ge social Strasbourg _\u00a012, rue du G\u00e9n\u00e9ral Gouraud 67000 Strasbourg\u00a0_ Tel = 03 69 81 80 09\u00a0\u00a0\u00a0\u00a0 \/\/\/ \u00a0 \u00a0 mail = contact@clerc-detolle-thiebaut.com Agence de Saint Di\u00e9 des Vosges\u00a0_ 500, chemin du Spitzemberg 88100 Nayemont les Fosses<\/p>\n","protected":false},"author":2,"featured_media":0,"parent":0,"menu_order":0,"comment_status":"closed","ping_status":"open","template":"page-contact.php","meta":[],"yoast_head":"<!-- This site is optimized with the Yoast SEO plugin v19.8 - https:\/\/yoast.com\/wordpress\/plugins\/seo\/ -->\n<title>Contact - Clerc_D\u00e9tolle_Thi\u00e9baut sarl d&#039;ARCHITECTURE<\/title>\n<meta name=\"robots\" content=\"index, follow, max-snippet:-1, max-image-preview:large, max-video-preview:-1\" \/>\n<link rel=\"canonical\" href=\"https:\/\/www.clerc-detolle-thiebaut.com\/architectes\/contact\" \/>\n<meta property=\"og:locale\" content=\"fr_FR\" \/>\n<meta property=\"og:type\" content=\"article\" \/>\n<meta property=\"og:title\" content=\"Contact - Clerc_D\u00e9tolle_Thi\u00e9baut sarl d&#039;ARCHITECTURE\" \/>\n<meta property=\"og:description\" content=\"Clerc . D\u00e9tolle . Thi\u00e9baut . Architectes Si\u00e8ge social Strasbourg _\u00a012, rue du G\u00e9n\u00e9ral Gouraud 67000 Strasbourg\u00a0_ Tel = 03 69 81 80 09\u00a0\u00a0\u00a0\u00a0 \/\/\/ \u00a0 \u00a0 mail = contact@clerc-detolle-thiebaut.com Agence de Saint Di\u00e9 des Vosges\u00a0_ 500, chemin du Spitzemberg 88100 Nayemont les Fosses\" \/>\n<meta property=\"og:url\" content=\"https:\/\/www.clerc-detolle-thiebaut.com\/architectes\/contact\" \/>\n<meta property=\"og:site_name\" content=\"Clerc_D\u00e9tolle_Thi\u00e9baut sarl d&#039;ARCHITECTURE\" \/>\n<meta property=\"article:modified_time\" content=\"2017-01-25T14:48:08+00:00\" \/>\n<meta property=\"og:image\" content=\"http:\/\/www.clerc-detolle-thiebaut.com\/architectes\/wp-content\/uploads\/2012\/06\/carte-site_20155.jpg\" \/>\n<meta name=\"twitter:card\" content=\"summary_large_image\" \/>\n<script type=\"application\/ld+json\" class=\"yoast-schema-graph\">{\"@context\":\"https:\/\/schema.org\",\"@graph\":[{\"@type\":\"WebPage\",\"@id\":\"https:\/\/www.clerc-detolle-thiebaut.com\/architectes\/contact\",\"url\":\"https:\/\/www.clerc-detolle-thiebaut.com\/architectes\/contact\",\"name\":\"Contact - Clerc_D\u00e9tolle_Thi\u00e9baut sarl d&#039;ARCHITECTURE\",\"isPartOf\":{\"@id\":\"https:\/\/www.clerc-detolle-thiebaut.com\/architectes\/#website\"},\"datePublished\":\"2012-06-14T15:27:09+00:00\",\"dateModified\":\"2017-01-25T14:48:08+00:00\",\"breadcrumb\":{\"@id\":\"https:\/\/www.clerc-detolle-thiebaut.com\/architectes\/contact#breadcrumb\"},\"inLanguage\":\"fr-FR\",\"potentialAction\":[{\"@type\":\"ReadAction\",\"target\":[\"https:\/\/www.clerc-detolle-thiebaut.com\/architectes\/contact\"]}]},{\"@type\":\"BreadcrumbList\",\"@id\":\"https:\/\/www.clerc-detolle-thiebaut.com\/architectes\/contact#breadcrumb\",\"itemListElement\":[{\"@type\":\"ListItem\",\"position\":1,\"name\":\"Accueil\",\"item\":\"https:\/\/www.clerc-detolle-thiebaut.com\/architectes\/\"},{\"@type\":\"ListItem\",\"position\":2,\"name\":\"Contact\"}]},{\"@type\":\"WebSite\",\"@id\":\"https:\/\/www.clerc-detolle-thiebaut.com\/architectes\/#website\",\"url\":\"https:\/\/www.clerc-detolle-thiebaut.com\/architectes\/\",\"name\":\"Clerc_D\u00e9tolle_Thi\u00e9baut sarl d&#039;ARCHITECTURE\",\"description\":\"Architectes Strasbourg\",\"potentialAction\":[{\"@type\":\"SearchAction\",\"target\":{\"@type\":\"EntryPoint\",\"urlTemplate\":\"https:\/\/www.clerc-detolle-thiebaut.com\/architectes\/?s={search_term_string}\"},\"query-input\":\"required name=search_term_string\"}],\"inLanguage\":\"fr-FR\"}]}<\/script>\n<!-- \/ Yoast SEO plugin. -->","yoast_head_json":{"title":"Contact - Clerc_D\u00e9tolle_Thi\u00e9baut sarl d&#039;ARCHITECTURE","robots":{"index":"index","follow":"follow","max-snippet":"max-snippet:-1","max-image-preview":"max-image-preview:large","max-video-preview":"max-video-preview:-1"},"canonical":"https:\/\/www.clerc-detolle-thiebaut.com\/architectes\/contact","og_locale":"fr_FR","og_type":"article","og_title":"Contact - Clerc_D\u00e9tolle_Thi\u00e9baut sarl d&#039;ARCHITECTURE","og_description":"Clerc . D\u00e9tolle . Thi\u00e9baut . Architectes Si\u00e8ge social Strasbourg _\u00a012, rue du G\u00e9n\u00e9ral Gouraud 67000 Strasbourg\u00a0_ Tel = 03 69 81 80 09\u00a0\u00a0\u00a0\u00a0 \/\/\/ \u00a0 \u00a0 mail = contact@clerc-detolle-thiebaut.com Agence de Saint Di\u00e9 des Vosges\u00a0_ 500, chemin du Spitzemberg 88100 Nayemont les Fosses","og_url":"https:\/\/www.clerc-detolle-thiebaut.com\/architectes\/contact","og_site_name":"Clerc_D\u00e9tolle_Thi\u00e9baut sarl d&#039;ARCHITECTURE","article_modified_time":"2017-01-25T14:48:08+00:00","og_image":[{"url":"http:\/\/www.clerc-detolle-thiebaut.com\/architectes\/wp-content\/uploads\/2012\/06\/carte-site_20155.jpg"}],"twitter_card":"summary_large_image","schema":{"@context":"https:\/\/schema.org","@graph":[{"@type":"WebPage","@id":"https:\/\/www.clerc-detolle-thiebaut.com\/architectes\/contact","url":"https:\/\/www.clerc-detolle-thiebaut.com\/architectes\/contact","name":"Contact - Clerc_D\u00e9tolle_Thi\u00e9baut sarl d&#039;ARCHITECTURE","isPartOf":{"@id":"https:\/\/www.clerc-detolle-thiebaut.com\/architectes\/#website"},"datePublished":"2012-06-14T15:27:09+00:00","dateModified":"2017-01-25T14:48:08+00:00","breadcrumb":{"@id":"https:\/\/www.clerc-detolle-thiebaut.com\/architectes\/contact#breadcrumb"},"inLanguage":"fr-FR","potentialAction":[{"@type":"ReadAction","target":["https:\/\/www.clerc-detolle-thiebaut.com\/architectes\/contact"]}]},{"@type":"BreadcrumbList","@id":"https:\/\/www.clerc-detolle-thiebaut.com\/architectes\/contact#breadcrumb","itemListElement":[{"@type":"ListItem","position":1,"name":"Accueil","item":"https:\/\/www.clerc-detolle-thiebaut.com\/architectes\/"},{"@type":"ListItem","position":2,"name":"Contact"}]},{"@type":"WebSite","@id":"https:\/\/www.clerc-detolle-thiebaut.com\/architectes\/#website","url":"https:\/\/www.clerc-detolle-thiebaut.com\/architectes\/","name":"Clerc_D\u00e9tolle_Thi\u00e9baut sarl d&#039;ARCHITECTURE","description":"Architectes Strasbourg","potentialAction":[{"@type":"SearchAction","target":{"@type":"EntryPoint","urlTemplate":"https:\/\/www.clerc-detolle-thiebaut.com\/architectes\/?s={search_term_string}"},"query-input":"required name=search_term_string"}],"inLanguage":"fr-FR"}]}},"_links":{"self":[{"href":"https:\/\/www.clerc-detolle-thiebaut.com\/architectes\/wp-json\/wp\/v2\/pages\/1517"}],"collection":[{"href":"https:\/\/www.clerc-detolle-thiebaut.com\/architectes\/wp-json\/wp\/v2\/pages"}],"about":[{"href":"https:\/\/www.clerc-detolle-thiebaut.com\/architectes\/wp-json\/wp\/v2\/types\/page"}],"author":[{"embeddable":true,"href":"https:\/\/www.clerc-detolle-thiebaut.com\/architectes\/wp-json\/wp\/v2\/users\/2"}],"replies":[{"embeddable":true,"href":"https:\/\/www.clerc-detolle-thiebaut.com\/architectes\/wp-json\/wp\/v2\/comments?post=1517"}],"version-history":[{"count":57,"href":"https:\/\/www.clerc-detolle-thiebaut.com\/architectes\/wp-json\/wp\/v2\/pages\/1517\/revisions"}],"predecessor-version":[{"id":4655,"href":"https:\/\/www.clerc-detolle-thiebaut.com\/architectes\/wp-json\/wp\/v2\/pages\/1517\/revisions\/4655"}],"wp:attachment":[{"href":"https:\/\/www.clerc-detolle-thiebaut.com\/architectes\/wp-json\/wp\/v2\/media?parent=1517"}],"curies":[{"name":"wp","href":"https:\/\/api.w.org\/{rel}","templated":true}]}}