

{"id":1513,"date":"2012-06-14T17:23:41","date_gmt":"2012-06-14T15:23:41","guid":{"rendered":"http:\/\/www.clerc-detolle-thiebaut.com\/architectes\/?page_id=1513"},"modified":"2021-08-23T09:18:34","modified_gmt":"2021-08-23T07:18:34","slug":"presentation","status":"publish","type":"page","link":"https:\/\/www.clerc-detolle-thiebaut.com\/architectes\/presentation","title":{"rendered":"D\u00e9marche"},"content":{"rendered":"<p><img loading=\"lazy\" class=\"alignleft size-full wp-image-5807\" src=\"https:\/\/www.clerc-detolle-thiebaut.com\/architectes\/wp-content\/uploads\/2021\/08\/photo-d\u00e9marche-site-2018-copie.jpg\" alt=\"\" width=\"646\" height=\"492\" srcset=\"https:\/\/www.clerc-detolle-thiebaut.com\/architectes\/wp-content\/uploads\/2021\/08\/photo-d\u00e9marche-site-2018-copie.jpg 646w, https:\/\/www.clerc-detolle-thiebaut.com\/architectes\/wp-content\/uploads\/2021\/08\/photo-d\u00e9marche-site-2018-copie-300x228.jpg 300w\" sizes=\"(max-width: 646px) 100vw, 646px\" \/><\/p>\n","protected":false},"excerpt":{"rendered":"","protected":false},"author":2,"featured_media":0,"parent":0,"menu_order":0,"comment_status":"closed","ping_status":"open","template":"page-presentation.php","meta":[],"yoast_head":"<!-- This site is optimized with the Yoast SEO plugin v19.8 - https:\/\/yoast.com\/wordpress\/plugins\/seo\/ -->\n<title>D\u00e9marche - Clerc_D\u00e9tolle_Thi\u00e9baut sarl d&#039;ARCHITECTURE<\/title>\n<meta name=\"robots\" content=\"index, follow, max-snippet:-1, max-image-preview:large, max-video-preview:-1\" \/>\n<link rel=\"canonical\" href=\"https:\/\/www.clerc-detolle-thiebaut.com\/architectes\/presentation\" \/>\n<meta property=\"og:locale\" content=\"fr_FR\" \/>\n<meta property=\"og:type\" content=\"article\" \/>\n<meta property=\"og:title\" content=\"D\u00e9marche - Clerc_D\u00e9tolle_Thi\u00e9baut sarl d&#039;ARCHITECTURE\" \/>\n<meta property=\"og:url\" content=\"https:\/\/www.clerc-detolle-thiebaut.com\/architectes\/presentation\" \/>\n<meta property=\"og:site_name\" content=\"Clerc_D\u00e9tolle_Thi\u00e9baut sarl d&#039;ARCHITECTURE\" \/>\n<meta property=\"article:modified_time\" content=\"2021-08-23T07:18:34+00:00\" \/>\n<meta property=\"og:image\" content=\"https:\/\/www.clerc-detolle-thiebaut.com\/architectes\/wp-content\/uploads\/2021\/08\/photo-d\u00e9marche-site-2018-copie.jpg\" \/>\n<meta name=\"twitter:card\" content=\"summary_large_image\" \/>\n<script type=\"application\/ld+json\" class=\"yoast-schema-graph\">{\"@context\":\"https:\/\/schema.org\",\"@graph\":[{\"@type\":\"WebPage\",\"@id\":\"https:\/\/www.clerc-detolle-thiebaut.com\/architectes\/presentation\",\"url\":\"https:\/\/www.clerc-detolle-thiebaut.com\/architectes\/presentation\",\"name\":\"D\u00e9marche - Clerc_D\u00e9tolle_Thi\u00e9baut sarl d&#039;ARCHITECTURE\",\"isPartOf\":{\"@id\":\"https:\/\/www.clerc-detolle-thiebaut.com\/architectes\/#website\"},\"datePublished\":\"2012-06-14T15:23:41+00:00\",\"dateModified\":\"2021-08-23T07:18:34+00:00\",\"breadcrumb\":{\"@id\":\"https:\/\/www.clerc-detolle-thiebaut.com\/architectes\/presentation#breadcrumb\"},\"inLanguage\":\"fr-FR\",\"potentialAction\":[{\"@type\":\"ReadAction\",\"target\":[\"https:\/\/www.clerc-detolle-thiebaut.com\/architectes\/presentation\"]}]},{\"@type\":\"BreadcrumbList\",\"@id\":\"https:\/\/www.clerc-detolle-thiebaut.com\/architectes\/presentation#breadcrumb\",\"itemListElement\":[{\"@type\":\"ListItem\",\"position\":1,\"name\":\"Accueil\",\"item\":\"https:\/\/www.clerc-detolle-thiebaut.com\/architectes\/\"},{\"@type\":\"ListItem\",\"position\":2,\"name\":\"D\u00e9marche\"}]},{\"@type\":\"WebSite\",\"@id\":\"https:\/\/www.clerc-detolle-thiebaut.com\/architectes\/#website\",\"url\":\"https:\/\/www.clerc-detolle-thiebaut.com\/architectes\/\",\"name\":\"Clerc_D\u00e9tolle_Thi\u00e9baut sarl d&#039;ARCHITECTURE\",\"description\":\"Architectes Strasbourg\",\"potentialAction\":[{\"@type\":\"SearchAction\",\"target\":{\"@type\":\"EntryPoint\",\"urlTemplate\":\"https:\/\/www.clerc-detolle-thiebaut.com\/architectes\/?s={search_term_string}\"},\"query-input\":\"required name=search_term_string\"}],\"inLanguage\":\"fr-FR\"}]}<\/script>\n<!-- \/ Yoast SEO plugin. -->","yoast_head_json":{"title":"D\u00e9marche - Clerc_D\u00e9tolle_Thi\u00e9baut sarl d&#039;ARCHITECTURE","robots":{"index":"index","follow":"follow","max-snippet":"max-snippet:-1","max-image-preview":"max-image-preview:large","max-video-preview":"max-video-preview:-1"},"canonical":"https:\/\/www.clerc-detolle-thiebaut.com\/architectes\/presentation","og_locale":"fr_FR","og_type":"article","og_title":"D\u00e9marche - Clerc_D\u00e9tolle_Thi\u00e9baut sarl d&#039;ARCHITECTURE","og_url":"https:\/\/www.clerc-detolle-thiebaut.com\/architectes\/presentation","og_site_name":"Clerc_D\u00e9tolle_Thi\u00e9baut sarl d&#039;ARCHITECTURE","article_modified_time":"2021-08-23T07:18:34+00:00","og_image":[{"url":"https:\/\/www.clerc-detolle-thiebaut.com\/architectes\/wp-content\/uploads\/2021\/08\/photo-d\u00e9marche-site-2018-copie.jpg"}],"twitter_card":"summary_large_image","schema":{"@context":"https:\/\/schema.org","@graph":[{"@type":"WebPage","@id":"https:\/\/www.clerc-detolle-thiebaut.com\/architectes\/presentation","url":"https:\/\/www.clerc-detolle-thiebaut.com\/architectes\/presentation","name":"D\u00e9marche - Clerc_D\u00e9tolle_Thi\u00e9baut sarl d&#039;ARCHITECTURE","isPartOf":{"@id":"https:\/\/www.clerc-detolle-thiebaut.com\/architectes\/#website"},"datePublished":"2012-06-14T15:23:41+00:00","dateModified":"2021-08-23T07:18:34+00:00","breadcrumb":{"@id":"https:\/\/www.clerc-detolle-thiebaut.com\/architectes\/presentation#breadcrumb"},"inLanguage":"fr-FR","potentialAction":[{"@type":"ReadAction","target":["https:\/\/www.clerc-detolle-thiebaut.com\/architectes\/presentation"]}]},{"@type":"BreadcrumbList","@id":"https:\/\/www.clerc-detolle-thiebaut.com\/architectes\/presentation#breadcrumb","itemListElement":[{"@type":"ListItem","position":1,"name":"Accueil","item":"https:\/\/www.clerc-detolle-thiebaut.com\/architectes\/"},{"@type":"ListItem","position":2,"name":"D\u00e9marche"}]},{"@type":"WebSite","@id":"https:\/\/www.clerc-detolle-thiebaut.com\/architectes\/#website","url":"https:\/\/www.clerc-detolle-thiebaut.com\/architectes\/","name":"Clerc_D\u00e9tolle_Thi\u00e9baut sarl d&#039;ARCHITECTURE","description":"Architectes Strasbourg","potentialAction":[{"@type":"SearchAction","target":{"@type":"EntryPoint","urlTemplate":"https:\/\/www.clerc-detolle-thiebaut.com\/architectes\/?s={search_term_string}"},"query-input":"required name=search_term_string"}],"inLanguage":"fr-FR"}]}},"_links":{"self":[{"href":"https:\/\/www.clerc-detolle-thiebaut.com\/architectes\/wp-json\/wp\/v2\/pages\/1513"}],"collection":[{"href":"https:\/\/www.clerc-detolle-thiebaut.com\/architectes\/wp-json\/wp\/v2\/pages"}],"about":[{"href":"https:\/\/www.clerc-detolle-thiebaut.com\/architectes\/wp-json\/wp\/v2\/types\/page"}],"author":[{"embeddable":true,"href":"https:\/\/www.clerc-detolle-thiebaut.com\/architectes\/wp-json\/wp\/v2\/users\/2"}],"replies":[{"embeddable":true,"href":"https:\/\/www.clerc-detolle-thiebaut.com\/architectes\/wp-json\/wp\/v2\/comments?post=1513"}],"version-history":[{"count":26,"href":"https:\/\/www.clerc-detolle-thiebaut.com\/architectes\/wp-json\/wp\/v2\/pages\/1513\/revisions"}],"predecessor-version":[{"id":5809,"href":"https:\/\/www.clerc-detolle-thiebaut.com\/architectes\/wp-json\/wp\/v2\/pages\/1513\/revisions\/5809"}],"wp:attachment":[{"href":"https:\/\/www.clerc-detolle-thiebaut.com\/architectes\/wp-json\/wp\/v2\/media?parent=1513"}],"curies":[{"name":"wp","href":"https:\/\/api.w.org\/{rel}","templated":true}]}}